{"id":1613,"date":"2026-01-23T21:26:53","date_gmt":"2026-01-23T20:26:53","guid":{"rendered":"https:\/\/www.sfm-nieder-olm.de\/?page_id=1613"},"modified":"2026-01-24T08:37:52","modified_gmt":"2026-01-24T07:37:52","slug":"beratung","status":"publish","type":"page","link":"https:\/\/www.sfm-nieder-olm.de\/?page_id=1613","title":{"rendered":"BERATUNG"},"content":{"rendered":"\n<p>Wir begleiten Eltern und Sch\u00fcler in allen Entscheidungsprozessen beratend w\u00e4hrend der Schullaufbahn<\/p>\n\n\n\n<p>In der Erstellung des sonderp\u00e4dagogischen Gutachtens erfolgt eine umf\u00e4ngliche Beratung aller am Prozess Beteiligten und eine Vernetzung mit anderen Institutionen und Schwerpunktschulen, damit die Eltern eine Entscheidung zur F\u00f6rderung ihres Kindes in einer F\u00f6rderschule oder Regelschule treffen k\u00f6nnen.<br>Wir sehen Eltern als kompetente Partner in der Unterst\u00fctzung im Bildungs- und Erziehungsprozess der Sch\u00fcler. Eine wechselseitige Zusammenarbeit und Absprache bzgl. der Kompetenz- und Erziehungsziele gestaltet sich vielf\u00e4ltig. Alle Lehrer und Therapeuten stehen \u2013 nach Voranmeldung \u2013 auch f\u00fcr pers\u00f6nliche Gespr\u00e4che zur Verf\u00fcgung.<br>Eltern werden bzgl. der Schullaufbahn, der weiterf\u00fchrenden Bildung, der Hilfsmittelversorgung, der Antr\u00e4ge zu Hilfsmitteln, sozialer Unterst\u00fctzung und Erziehung beraten.<br>Wir begleiten die Sch\u00fcler im Entscheidungsprozess beim \u00dcbergang in eine andere Schule oder F\u00f6rdereinrichtung.<br>\u00dcber ein Netzwerk von F\u00f6rdereinrichtungen und Beratungsstellen k\u00f6nnen wir Kontakte und prozessbegleitende Hilfen vermitteln.<br><br><\/p>\n\n\n\n<h1 class=\"wp-block-heading\">F\u00f6rder- und Beratungszentren<\/h1>\n\n\n\n<p><br>F\u00f6rder- und Beratungszentren unterst\u00fctzen Regelschulen in sonderp\u00e4dagogischen Fragestellungen.<br><br>Die Liesel-Metten-Schule als Stammschule mit dem F\u00f6rderschwerpunkt motorische Entwicklung arbeitet im Verbund mit den F\u00f6rder-und Beratungszentren:<br><br>FBZ Mainz<br>Windm\u00fchlenschule<br>Generaloberst-Beck-Str. 1<br>55129 Mainz<br>Tel.: 06131-9503853<br>http:\/\/www.windmuehlenschule.de\/fbz<br>Zust\u00e4ndig f\u00fcr die Stadt Mainz<br><br>FBZ Bingen<br>Rhein-Nahe-Schule<br>Burgstr. 17<br>55411 Bingen<br>Tel: 06721-40878-0<br>https:\/\/www.rhein-nahe-schule.de\/fbz-bingen.html<br>Zust\u00e4ndig f\u00fcr Stadt Bingen, Stadt Ingelheim, Verbandsgemeinden Sprendlingen\/Gensingen, Rhein-Nahe, Gau-Algesheim und Heidesheim<br><br>FBZ Oppenheim<br>Landskronschule<br>Am Stadtbad 24<br>55276 Oppenheim<br>Tel: 06133-92 43-0<br>http:\/\/www.landskronschule.org\/aufgaben-des-foerder-und-beratungszentrums<br>(Verbandsgemeinde Rhein-Selz, Verbandsgemeinde Nieder-Olm, Verbandsgemeinde Bodenheim)<br><br>FBZ Alzey<br>Volkerschule<br>Dr.-Georg-Durst-Stra\u00dfe 30<br>55232 Alzey<br>Tel: 06731 7168<br>https:\/\/www.volkerschule.de\/<br>Zust\u00e4ndig f\u00fcr den Landkreis Alzey-Worms<br><br>Bitte wenden Sie sich bei einem Beratungswunsch oder vermutetem F\u00f6rderbedarf im Bereich motorische Entwicklung an das f\u00fcr Sie zust\u00e4ndige F\u00f6rder-und Beratungszentrum.<br>Die Beratungsanfrage wird dann an uns weitergeleitet.<br><br>Sollten Sie noch Fragen haben, stehen wir Ihnen auch gerne telefonisch (06136-75890) oder per Mail (<a href=\"mailto:info@sfm-nieder-olm.de\">info@sfm-nieder-olm.de<\/a>) zur Verf\u00fcgung<\/p>\n","protected":false},"excerpt":{"rendered":"<p>Wir begleiten Eltern und Sch\u00fcler in allen Entscheidungsprozessen beratend w\u00e4hrend der Schullaufbahn In der Erstellung des sonderp\u00e4dagogischen Gutachtens erfolgt eine umf\u00e4ngliche Beratung aller am Prozess Beteiligten und eine Vernetzung mit &#8230;<\/p>\n","protected":false},"author":2,"featured_media":0,"parent":1606,"menu_order":0,"comment_status":"closed","ping_status":"closed","template":"template-fullwidth.php","meta":{"footnotes":""},"class_list":["post-1613","page","type-page","status-publish","hentry"],"_links":{"self":[{"href":"https:\/\/www.sfm-nieder-olm.de\/index.php?rest_route=\/wp\/v2\/pages\/1613","targetHints":{"allow":["GET"]}}],"collection":[{"href":"https:\/\/www.sfm-nieder-olm.de\/index.php?rest_route=\/wp\/v2\/pages"}],"about":[{"href":"https:\/\/www.sfm-nieder-olm.de\/index.php?rest_route=\/wp\/v2\/types\/page"}],"author":[{"embeddable":true,"href":"https:\/\/www.sfm-nieder-olm.de\/index.php?rest_route=\/wp\/v2\/users\/2"}],"replies":[{"embeddable":true,"href":"https:\/\/www.sfm-nieder-olm.de\/index.php?rest_route=%2Fwp%2Fv2%2Fcomments&post=1613"}],"version-history":[{"count":1,"href":"https:\/\/www.sfm-nieder-olm.de\/index.php?rest_route=\/wp\/v2\/pages\/1613\/revisions"}],"predecessor-version":[{"id":1614,"href":"https:\/\/www.sfm-nieder-olm.de\/index.php?rest_route=\/wp\/v2\/pages\/1613\/revisions\/1614"}],"up":[{"embeddable":true,"href":"https:\/\/www.sfm-nieder-olm.de\/index.php?rest_route=\/wp\/v2\/pages\/1606"}],"wp:attachment":[{"href":"https:\/\/www.sfm-nieder-olm.de\/index.php?rest_route=%2Fwp%2Fv2%2Fmedia&parent=1613"}],"curies":[{"name":"wp","href":"https:\/\/api.w.org\/{rel}","templated":true}]}}