{"id":1615,"date":"2026-01-23T21:32:55","date_gmt":"2026-01-23T20:32:55","guid":{"rendered":"https:\/\/www.sfm-nieder-olm.de\/?page_id=1615"},"modified":"2026-01-24T08:38:17","modified_gmt":"2026-01-24T07:38:17","slug":"elternbeirat","status":"publish","type":"page","link":"https:\/\/www.sfm-nieder-olm.de\/?page_id=1615","title":{"rendered":"Elternbeirat"},"content":{"rendered":"\n<p>Wir sehen Eltern als kompetente Partner in der Unterst\u00fctzung im Bildungs- und Erziehungsprozess der Sch\u00fcler. Eine wechselseitige Zusammenarbeit und Absprache bzgl. der Kompetenz- und Erziehungsziele gestaltet sich vielf\u00e4ltig.<\/p>\n\n\n\n<p>Dies geschieht im Rahmen von:<\/p>\n\n\n\n<ul class=\"wp-block-list\">\n<li>Schul- und Klassenelternabenden,<\/li>\n\n\n\n<li>themenbezogenen Elternabenden, z.B. \u201eKinder st\u00e4rken\u201c<\/li>\n\n\n\n<li>individuellen Elterngespr\u00e4chen mit dem Klassenteam,<\/li>\n\n\n\n<li>Mitteilungen und Informationsaustausch im Kontaktheft,<\/li>\n\n\n\n<li>Informationen in Elternbriefen und durch das Eltern ABC,<\/li>\n\n\n\n<li>regelm\u00e4\u00dfigen Berichten \u00fcber Entwicklung und Verhalten,<\/li>\n\n\n\n<li>Beratungen bei Hilfsmittelversorgung,<\/li>\n\n\n\n<li>Hausbesuche und Hospitationen,<\/li>\n\n\n\n<li>Beratung, z.B. Schullaufbahn; \u00dcbergang Schule \u2014 Beruf ; Wohnen,<\/li>\n\n\n\n<li>Planung und Durchf\u00fchrung von Schulfeiern und -festen.<\/li>\n<\/ul>\n\n\n\n<p>Die Klassenelternversammlung (KEV) besteht aus allen Eltern einer Klasse. Ihre Aufgabe ist es im Interesse der Sch\u00fcler beratend und unterst\u00fctzend mit Klassen- und Fachlehrkr\u00e4ften zusammenzuarbeiten. Hier stehen vor allem allgemeine Erziehungsfragen sowie alle klassenbezogenen Themen im Vordergrund. Die Klassenelternversammlung w\u00e4hlt aus ihrer Mitte einen Klassenelternsprecher und einen Vertreter.<\/p>\n\n\n\n<p>Die Mitglieder des Schulelternbeirates (SEB) werden von allen Eltern der Schulgemeinschaft an einer Schulelternversammlung gew\u00e4hlt.<\/p>\n\n\n\n<p>Der Schulelternbeirat (SEB) vertritt die Eltern gegen\u00fcber der Schule, der Schulaufsicht und der \u00d6ffentlichkeit. Er soll die Erziehungs- und Unterrichtsarbeit der Schule f\u00f6rdern und mitgestalten. Mitglieder des Schulelternbeirates nehmen an Gesamtkonferenzen teil und arbeiten im Schulausschuss mit.<\/p>\n\n\n\n<p>Im Eltern ABC finden Sie wichtige Informationen und Adressen zu unserer Schule.<\/p>\n\n\n\n<p>(Link: <a href=\"https:\/\/web.archive.org\/web\/20210411060707\/https:\/\/sfm-nieder-olm.de\/index.php\/elternabc\">Eltern ABC<\/a>)<\/p>\n\n\n\n<p>Unseren Schulelternbeirat erreichen Sie per Mail: <a href=\"mailto:seb@sfm-nieder-olm.de\">seb@sfm-nieder-olm.de<\/a><\/p>\n\n\n\n<p><a href=\"https:\/\/bildung.rp.de\" target=\"_blank\" rel=\"noreferrer noopener\">https:\/\/bildung.rp.de\u00a0<\/a>\u00a0\u00a0\u00a0\u00a0\u00a0\u00a0\u00a0\u00a0\u00a0\u00a0 (Bildungsserver Rheinland-Pfalz)<\/p>\n\n\n\n<p><a href=\"https:\/\/leb.bildung-rp.de\" target=\"_blank\" rel=\"noreferrer noopener\">https:\/\/leb.bildung-rp.de<\/a>\u00a0\u00a0\u00a0\u00a0\u00a0\u00a0 Landeselternbeirat (LEB)<\/p>\n\n\n\n<p><\/p>\n","protected":false},"excerpt":{"rendered":"<p>Wir sehen Eltern als kompetente Partner in der Unterst\u00fctzung im Bildungs- und Erziehungsprozess der Sch\u00fcler. Eine wechselseitige Zusammenarbeit und Absprache bzgl. der Kompetenz- und Erziehungsziele gestaltet sich vielf\u00e4ltig. Dies geschieht &#8230;<\/p>\n","protected":false},"author":2,"featured_media":0,"parent":1606,"menu_order":0,"comment_status":"closed","ping_status":"closed","template":"template-fullwidth.php","meta":{"footnotes":""},"class_list":["post-1615","page","type-page","status-publish","hentry"],"_links":{"self":[{"href":"https:\/\/www.sfm-nieder-olm.de\/index.php?rest_route=\/wp\/v2\/pages\/1615","targetHints":{"allow":["GET"]}}],"collection":[{"href":"https:\/\/www.sfm-nieder-olm.de\/index.php?rest_route=\/wp\/v2\/pages"}],"about":[{"href":"https:\/\/www.sfm-nieder-olm.de\/index.php?rest_route=\/wp\/v2\/types\/page"}],"author":[{"embeddable":true,"href":"https:\/\/www.sfm-nieder-olm.de\/index.php?rest_route=\/wp\/v2\/users\/2"}],"replies":[{"embeddable":true,"href":"https:\/\/www.sfm-nieder-olm.de\/index.php?rest_route=%2Fwp%2Fv2%2Fcomments&post=1615"}],"version-history":[{"count":1,"href":"https:\/\/www.sfm-nieder-olm.de\/index.php?rest_route=\/wp\/v2\/pages\/1615\/revisions"}],"predecessor-version":[{"id":1616,"href":"https:\/\/www.sfm-nieder-olm.de\/index.php?rest_route=\/wp\/v2\/pages\/1615\/revisions\/1616"}],"up":[{"embeddable":true,"href":"https:\/\/www.sfm-nieder-olm.de\/index.php?rest_route=\/wp\/v2\/pages\/1606"}],"wp:attachment":[{"href":"https:\/\/www.sfm-nieder-olm.de\/index.php?rest_route=%2Fwp%2Fv2%2Fmedia&parent=1615"}],"curies":[{"name":"wp","href":"https:\/\/api.w.org\/{rel}","templated":true}]}}