{"id":1619,"date":"2026-01-23T21:37:35","date_gmt":"2026-01-23T20:37:35","guid":{"rendered":"https:\/\/www.sfm-nieder-olm.de\/?page_id=1619"},"modified":"2026-01-24T08:38:44","modified_gmt":"2026-01-24T07:38:44","slug":"freunde-foerderer","status":"publish","type":"page","link":"https:\/\/www.sfm-nieder-olm.de\/?page_id=1619","title":{"rendered":"FREUNDE &amp; F\u00d6RDERER"},"content":{"rendered":"\n<h3 class=\"wp-block-heading\">Spenden\u00fcbergabe der \u201eprowin Stiftung\u201c durch Frau Kratz (L\u00f6rzweiler)<\/h3>\n\n\n\n<figure class=\"wp-block-image size-full\"><img loading=\"lazy\" decoding=\"async\" width=\"428\" height=\"649\" src=\"https:\/\/www.sfm-nieder-olm.de\/wp-content\/uploads\/2026\/01\/spendenuebergabe.png\" alt=\"\" class=\"wp-image-1620\" srcset=\"https:\/\/www.sfm-nieder-olm.de\/wp-content\/uploads\/2026\/01\/spendenuebergabe.png 428w, https:\/\/www.sfm-nieder-olm.de\/wp-content\/uploads\/2026\/01\/spendenuebergabe-198x300.png 198w\" sizes=\"auto, (max-width: 428px) 100vw, 428px\" \/><\/figure>\n\n\n\n<h4 class=\"wp-block-heading\">Unsere Schule hatte schon verschiedene Namen:<\/h4>\n\n\n\n<p>Sonderschule &#8211; K\u00f6rperbehinderten Schule &#8211; Schule mit dem F\u00f6rderschwerpunkt Motorische Entwicklung. Diese Bezeichnungen waren uns zu b\u00fcrokratisch und seit vielen Jahren waren wir auf der Suche nach einem Namen. Sch\u00fclerinnen und Sch\u00fcler, Eltern, Kollegium, Freund und F\u00f6rderer der Schule machten Vorschl\u00e4ge. Es wurde recherchiert, diskutiert, ausgew\u00e4hlt, wieder verworfen und Alternativen gesucht. Wir suchten einen Namen, der einen regionalen Bezug hatte, einen Bezug zu unserer Schule, Kreativit\u00e4t, Phantasie und Wahrnehmung mit allen Sinnen verbindet. Es war scheinbar eine unl\u00f6sbare Aufgabe. Aber wie so oft, lag der richtige Name ganz nah.<\/p>\n\n\n\n<p>Unsere Schule hat seit vielen Jahren einen engen Kontakt zu Frau Liesel Metten.<\/p>\n\n\n\n<p>Sie ist eine ortsans\u00e4ssige K\u00fcnstlerin aus der K\u00fcnstlerfamilie Metten.<\/p>\n\n\n\n<p>Als bildende K\u00fcnstlerin ist sie in der Region bekannt und regional und international ausgezeichnet. Schwerpunkt ihrer k\u00fcnstlerischen Arbeiten ist die Gestaltung von Plastiken, die sowohl in Nieder-Olm, als auch in Mainz zu sehen sind.<\/p>\n\n\n\n<p>Frau Metten versteht ihre Plastiken als Kunstwerke zum Anfassen.<\/p>\n\n\n\n<p>Seit Jahren werden Schulklassen in ihr Haus nach Nieder-Olm eingeladen und gestalten mit ihr eigene Plastiken.<\/p>\n\n\n\n<p>Eine Schulklasse hatte im Schuljahr 2013\/2014 den Nieder-Olmer Skulpturenweg mit allen Sinnen erfasst und in einer Ausstellung in der Schule ihre Erfahrungen mit allen Sinnen dokumentiert. Zur Ausstellungser\u00f6ffnung war Frau Metten pers\u00f6nlich gekommen.<\/p>\n\n\n\n<p>Frau Metten ist f\u00fcr unsere Sch\u00fclerinnen und Sch\u00fcler \u201egreifbar\u201c und war gerne bereit Namenspatin f\u00fcr unsere Schule zu sein. An unserem Schulfest aus Anlass unseres Schuljubil\u00e4ums unterst\u00fctzten uns viele Freunde und F\u00f6rderer. Musikalisch unterst\u00fctzte uns das Gymnasium Nieder-Olm und der Musikverein Schwabenheim. Herr Frank&nbsp;&nbsp; spendete Grillgut und war tatkr\u00e4ftig w\u00e4hrend der Mittagessenzeit als \u201eGrillmeister\u201c aktiv. Unz\u00e4hlige Firmen stellten uns Gewinne f\u00fcr die Tombola zur Verf\u00fcgung. Und viele gro\u00dfe und kleine Spenden wurden uns \u00fcberreicht, um unsere besonderen W\u00fcnsche zu erf\u00fcllen. Allen sagen wir ganz herzlichen Dank f\u00fcr die Verbundenheit und Unterst\u00fctzung unserer Schule. Regelm\u00e4\u00dfig werden wir durch die K\u00fcnstler des Kunsthandwerkermarktes Nieder &#8211; Olm, den Lions &#8211; Club Nieder &#8211; Olm und den Weihnachtsmarkt Schwabenheim unterst\u00fctzt.<\/p>\n","protected":false},"excerpt":{"rendered":"<p>Spenden\u00fcbergabe der \u201eprowin Stiftung\u201c durch Frau Kratz (L\u00f6rzweiler) Unsere Schule hatte schon verschiedene Namen: Sonderschule &#8211; K\u00f6rperbehinderten Schule &#8211; Schule mit dem F\u00f6rderschwerpunkt Motorische Entwicklung. Diese Bezeichnungen waren uns zu &#8230;<\/p>\n","protected":false},"author":2,"featured_media":0,"parent":1606,"menu_order":0,"comment_status":"closed","ping_status":"closed","template":"template-fullwidth.php","meta":{"footnotes":""},"class_list":["post-1619","page","type-page","status-publish","hentry"],"_links":{"self":[{"href":"https:\/\/www.sfm-nieder-olm.de\/index.php?rest_route=\/wp\/v2\/pages\/1619","targetHints":{"allow":["GET"]}}],"collection":[{"href":"https:\/\/www.sfm-nieder-olm.de\/index.php?rest_route=\/wp\/v2\/pages"}],"about":[{"href":"https:\/\/www.sfm-nieder-olm.de\/index.php?rest_route=\/wp\/v2\/types\/page"}],"author":[{"embeddable":true,"href":"https:\/\/www.sfm-nieder-olm.de\/index.php?rest_route=\/wp\/v2\/users\/2"}],"replies":[{"embeddable":true,"href":"https:\/\/www.sfm-nieder-olm.de\/index.php?rest_route=%2Fwp%2Fv2%2Fcomments&post=1619"}],"version-history":[{"count":1,"href":"https:\/\/www.sfm-nieder-olm.de\/index.php?rest_route=\/wp\/v2\/pages\/1619\/revisions"}],"predecessor-version":[{"id":1621,"href":"https:\/\/www.sfm-nieder-olm.de\/index.php?rest_route=\/wp\/v2\/pages\/1619\/revisions\/1621"}],"up":[{"embeddable":true,"href":"https:\/\/www.sfm-nieder-olm.de\/index.php?rest_route=\/wp\/v2\/pages\/1606"}],"wp:attachment":[{"href":"https:\/\/www.sfm-nieder-olm.de\/index.php?rest_route=%2Fwp%2Fv2%2Fmedia&parent=1619"}],"curies":[{"name":"wp","href":"https:\/\/api.w.org\/{rel}","templated":true}]}}