{"id":1662,"date":"2026-01-24T11:10:46","date_gmt":"2026-01-24T10:10:46","guid":{"rendered":"https:\/\/www.sfm-nieder-olm.de\/?page_id=1662"},"modified":"2026-01-24T11:53:21","modified_gmt":"2026-01-24T10:53:21","slug":"schulhund","status":"publish","type":"page","link":"https:\/\/www.sfm-nieder-olm.de\/?page_id=1662","title":{"rendered":"Schulhund"},"content":{"rendered":"\n<figure class=\"wp-block-image size-full\"><img loading=\"lazy\" decoding=\"async\" width=\"399\" height=\"228\" src=\"https:\/\/www.sfm-nieder-olm.de\/wp-content\/uploads\/2026\/01\/schulhund.png\" alt=\"\" class=\"wp-image-1663\" srcset=\"https:\/\/www.sfm-nieder-olm.de\/wp-content\/uploads\/2026\/01\/schulhund.png 399w, https:\/\/www.sfm-nieder-olm.de\/wp-content\/uploads\/2026\/01\/schulhund-300x171.png 300w\" sizes=\"auto, (max-width: 399px) 100vw, 399px\" \/><\/figure>\n\n\n\n<p><strong>Das ist Sam!<\/strong><\/p>\n\n\n\n<div class=\"wp-block-columns is-layout-flex wp-container-core-columns-is-layout-9d6595d7 wp-block-columns-is-layout-flex\">\n<div class=\"wp-block-column is-layout-flow wp-block-column-is-layout-flow\">\n<p>Seit dem Schuljahr 2013\/14 werden Einzel- und Gruppenf\u00f6rderung mit dem Schulhund unserer Ergotherapeutin durchgef\u00fchrt. Ein Schulhund ist ein speziell ausgebildeter Hund, der zur Unterst\u00fctzung p\u00e4dagogischer Prozesse aktiv und regelm\u00e4\u00dfig von P\u00e4dagogen in den Unterricht integriert wird. Unser Schulhund wird zum einen in der Ergotherapie und zum anderen im Klassenunterricht eingesetzt. In beiden Bereichen ist er immer in Begleitung unserer Ergotherapeutin, die gemeinsam mit ihrem Hund die Ausbildung zum Schulhund-Team absolviert hat.<\/p>\n\n\n\n<p><\/p>\n<\/div>\n\n\n\n<div class=\"wp-block-column is-layout-flow wp-block-column-is-layout-flow\">\n<p>Die Sch\u00fcler werden von dem Schulhund so angenommen, wie sie sind, da Tiere unabh\u00e4ngig von Status und Aussehen agieren. Der Hund reagiert unmittelbar und ehrlich auf das Verhalten der Sch\u00fcler und spiegelt es ihnen. Dadurch kann soziales Lernen und Empathiebewusstsein gef\u00f6rdert werden.<\/p>\n\n\n\n<p>Es gibt viele Studien dar\u00fcber, dass die reine Pr\u00e4senz des Hundes, aber nat\u00fcrlich auch der K\u00f6rperkontakt zum Hund stressreduzierend und entspannend wirkt.<\/p>\n\n\n\n<p>Bei zur\u00fcckhaltenden oder \u00e4ngstlichen Sch\u00fclern fungiert der Hund h\u00e4ufig als \u201eEisbrecher\u201c oder \u201eT\u00fcr\u00f6ffner\u201c, gibt Anregung zur Bewegung und ist Motivator und positiver Verst\u00e4rker.<\/p>\n<\/div>\n<\/div>\n","protected":false},"excerpt":{"rendered":"<p>Das ist Sam! Seit dem Schuljahr 2013\/14 werden Einzel- und Gruppenf\u00f6rderung mit dem Schulhund unserer Ergotherapeutin durchgef\u00fchrt. Ein Schulhund ist ein speziell ausgebildeter Hund, der zur Unterst\u00fctzung p\u00e4dagogischer Prozesse aktiv &#8230;<\/p>\n","protected":false},"author":2,"featured_media":0,"parent":1636,"menu_order":0,"comment_status":"closed","ping_status":"closed","template":"template-fullwidth.php","meta":{"footnotes":""},"class_list":["post-1662","page","type-page","status-publish","hentry"],"_links":{"self":[{"href":"https:\/\/www.sfm-nieder-olm.de\/index.php?rest_route=\/wp\/v2\/pages\/1662","targetHints":{"allow":["GET"]}}],"collection":[{"href":"https:\/\/www.sfm-nieder-olm.de\/index.php?rest_route=\/wp\/v2\/pages"}],"about":[{"href":"https:\/\/www.sfm-nieder-olm.de\/index.php?rest_route=\/wp\/v2\/types\/page"}],"author":[{"embeddable":true,"href":"https:\/\/www.sfm-nieder-olm.de\/index.php?rest_route=\/wp\/v2\/users\/2"}],"replies":[{"embeddable":true,"href":"https:\/\/www.sfm-nieder-olm.de\/index.php?rest_route=%2Fwp%2Fv2%2Fcomments&post=1662"}],"version-history":[{"count":1,"href":"https:\/\/www.sfm-nieder-olm.de\/index.php?rest_route=\/wp\/v2\/pages\/1662\/revisions"}],"predecessor-version":[{"id":1664,"href":"https:\/\/www.sfm-nieder-olm.de\/index.php?rest_route=\/wp\/v2\/pages\/1662\/revisions\/1664"}],"up":[{"embeddable":true,"href":"https:\/\/www.sfm-nieder-olm.de\/index.php?rest_route=\/wp\/v2\/pages\/1636"}],"wp:attachment":[{"href":"https:\/\/www.sfm-nieder-olm.de\/index.php?rest_route=%2Fwp%2Fv2%2Fmedia&parent=1662"}],"curies":[{"name":"wp","href":"https:\/\/api.w.org\/{rel}","templated":true}]}}