{"id":1673,"date":"2026-01-24T11:55:24","date_gmt":"2026-01-24T10:55:24","guid":{"rendered":"https:\/\/www.sfm-nieder-olm.de\/?page_id=1673"},"modified":"2026-01-24T11:55:25","modified_gmt":"2026-01-24T10:55:25","slug":"aktuelles-und-termine","status":"publish","type":"page","link":"https:\/\/www.sfm-nieder-olm.de\/?page_id=1673","title":{"rendered":"Aktuelles und Termine"},"content":{"rendered":"\n<p>Unsere Schule ist eine Ganztagsschule in verpflichtender Form.<br>Schulbeginn ist 8.30 Uhr und Unterrichtsende ist 15.35 Uhr.<br>Freitags ist Unterrichtsende um 13.30 Uhr.<br>Als Ganztagsschule bieten wir unseren Sch\u00fclern ein Mittagessen an, das auch di\u00e4tetische und religi\u00f6se Aspekte ber\u00fccksichtigt.<\/p>\n","protected":false},"excerpt":{"rendered":"<p>Unsere Schule ist eine Ganztagsschule in verpflichtender Form.Schulbeginn ist 8.30 Uhr und Unterrichtsende ist 15.35 Uhr.Freitags ist Unterrichtsende um 13.30 Uhr.Als Ganztagsschule bieten wir unseren Sch\u00fclern ein Mittagessen an, das &#8230;<\/p>\n","protected":false},"author":2,"featured_media":0,"parent":0,"menu_order":0,"comment_status":"closed","ping_status":"closed","template":"template-fullwidth.php","meta":{"footnotes":""},"class_list":["post-1673","page","type-page","status-publish","hentry"],"_links":{"self":[{"href":"https:\/\/www.sfm-nieder-olm.de\/index.php?rest_route=\/wp\/v2\/pages\/1673","targetHints":{"allow":["GET"]}}],"collection":[{"href":"https:\/\/www.sfm-nieder-olm.de\/index.php?rest_route=\/wp\/v2\/pages"}],"about":[{"href":"https:\/\/www.sfm-nieder-olm.de\/index.php?rest_route=\/wp\/v2\/types\/page"}],"author":[{"embeddable":true,"href":"https:\/\/www.sfm-nieder-olm.de\/index.php?rest_route=\/wp\/v2\/users\/2"}],"replies":[{"embeddable":true,"href":"https:\/\/www.sfm-nieder-olm.de\/index.php?rest_route=%2Fwp%2Fv2%2Fcomments&post=1673"}],"version-history":[{"count":1,"href":"https:\/\/www.sfm-nieder-olm.de\/index.php?rest_route=\/wp\/v2\/pages\/1673\/revisions"}],"predecessor-version":[{"id":1674,"href":"https:\/\/www.sfm-nieder-olm.de\/index.php?rest_route=\/wp\/v2\/pages\/1673\/revisions\/1674"}],"wp:attachment":[{"href":"https:\/\/www.sfm-nieder-olm.de\/index.php?rest_route=%2Fwp%2Fv2%2Fmedia&parent=1673"}],"curies":[{"name":"wp","href":"https:\/\/api.w.org\/{rel}","templated":true}]}}