{"id":1697,"date":"2026-01-24T18:35:19","date_gmt":"2026-01-24T17:35:19","guid":{"rendered":"https:\/\/www.sfm-nieder-olm.de\/?page_id=1697"},"modified":"2026-01-24T18:38:30","modified_gmt":"2026-01-24T17:38:30","slug":"foerder-und-beratungszentren","status":"publish","type":"page","link":"https:\/\/www.sfm-nieder-olm.de\/?page_id=1697","title":{"rendered":"F\u00f6rder- und Beratungszentren"},"content":{"rendered":"\n<p>F\u00f6rder- und Beratungszentren unterst\u00fctzen Regelschulen in sonderp\u00e4dagogischen Fragestellungen.<\/p>\n\n\n\n<p>Die Liesel-Metten-Schule als Stammschule mit dem F\u00f6rderschwerpunkt motorische Entwicklung arbeitet im Verbund mit den F\u00f6rder-und Beratungszentren:<\/p>\n\n\n\n<h4 class=\"wp-block-heading\">FBZ Mainz \u00a0<\/h4>\n\n\n\n<p>Windm\u00fchlenschule<br>Generaloberst-Beck-Str. 1<br>55129 Mainz<br>Tel.: 06131-9503853<br><a href=\"https:\/\/www.windmuehlenschule.de\/fbz\" target=\"_blank\" rel=\"noreferrer noopener\">https:\/\/www.windmuehlenschule.de\/fbz\u00a0<\/a><br>Zust\u00e4ndig f\u00fcr die Stadt Mainz\u00a0\u00a0\u00a0<\/p>\n\n\n\n<h4 class=\"wp-block-heading\">\u00a0\u00a0\u00a0\u00a0\u00a0\u00a0\u00a0\u00a0\u00a0\u00a0\u00a0\u00a0\u00a0\u00a0\u00a0\u00a0\u00a0\u00a0\u00a0\u00a0\u00a0 \u00a0<br>FBZ Bingen\u00a0\u00a0<\/h4>\n\n\n\n<p>Rhein-Nahe-Schule<br>Burgstr. 17<br>55411 Bingen<br>Tel: 06721-40878-0\u00a0\u00a0\u00a0\u00a0\u00a0\u00a0\u00a0\u00a0\u00a0\u00a0\u00a0\u00a0\u00a0\u00a0\u00a0\u00a0\u00a0\u00a0\u00a0\u00a0\u00a0\u00a0\u00a0\u00a0\u00a0\u00a0\u00a0\u00a0\u00a0\u00a0\u00a0 \u00a0<br><a href=\"https:\/\/www.rhein-nahe-schule.de\/fbz-bingen.html\" target=\"_blank\" rel=\"noreferrer noopener\">https:\/\/www.rhein-nahe-schule.de\/fbz-bingen.html<\/a><br>Zust\u00e4ndig f\u00fcr Stadt Bingen, Stadt Ingelheim, Verbandsgemeinden Sprendlingen\/Gensingen, Rhein-Nahe, Gau-Algesheim und Heidesheim<br><\/p>\n\n\n\n<h4 class=\"wp-block-heading\">FBZ Oppenheim<\/h4>\n\n\n\n<p>Landskronschule<br>Am Stadtbad 24<br>55276 Oppenheim<br>Tel: 06133-92 43-0<br><a href=\"https:\/\/www.landskronschule.org\/aufgaben-des-foerder-und-beratungszentrums\" target=\"_blank\" rel=\"noreferrer noopener\">https:\/\/www.landskronschule.org\/aufgaben-des-foerder-und-beratungszentrums<\/a><br>(Verbandsgemeinde Rhein-Selz, Verbandsgemeinde Nieder-Olm, Verbandsgemeinde Bodenheim)<\/p>\n\n\n\n<p><\/p>\n\n\n\n<h4 class=\"wp-block-heading\">FBZ Alzey<\/h4>\n\n\n\n<p>Volkerschule<br>Dr.-Georg-Durst-Stra\u00dfe 30<br>55232 Alzey<br>Tel: 06731 7168<br><a href=\"https:\/\/www.volkerschule.de\/\" target=\"_blank\" rel=\"noreferrer noopener\">https:\/\/www.volkerschule.de\/<\/a><br>Zust\u00e4ndig f\u00fcr den Landkreis Alzey-Worms<\/p>\n\n\n\n<p>Bitte wenden Sie sich bei einem Beratungswunsch oder vermutetem F\u00f6rderbedarf im Bereich motorische Entwicklung an das f\u00fcr Sie zust\u00e4ndige F\u00f6rder-und Beratungszentrum.<br>Die Beratungsanfrage wird dann an uns weitergeleitet.<\/p>\n\n\n\n<p>Sollten Sie noch Fragen haben, stehen wir Ihnen auch gerne telefonisch (06136-75890) oder per Mail (<a href=\"mailto:info@sfm-nieder-olm.de\" target=\"_blank\" rel=\"noreferrer noopener\">info@sfm-nieder-olm.de<\/a>) zur Verf\u00fcgung<\/p>\n\n\n\n<p><\/p>\n","protected":false},"excerpt":{"rendered":"<p>F\u00f6rder- und Beratungszentren unterst\u00fctzen Regelschulen in sonderp\u00e4dagogischen Fragestellungen. Die Liesel-Metten-Schule als Stammschule mit dem F\u00f6rderschwerpunkt motorische Entwicklung arbeitet im Verbund mit den F\u00f6rder-und Beratungszentren: FBZ Mainz \u00a0 Windm\u00fchlenschuleGeneraloberst-Beck-Str. 155129 MainzTel.: &#8230;<\/p>\n","protected":false},"author":2,"featured_media":0,"parent":1683,"menu_order":0,"comment_status":"closed","ping_status":"closed","template":"template-fullwidth.php","meta":{"footnotes":""},"class_list":["post-1697","page","type-page","status-publish","hentry"],"_links":{"self":[{"href":"https:\/\/www.sfm-nieder-olm.de\/index.php?rest_route=\/wp\/v2\/pages\/1697","targetHints":{"allow":["GET"]}}],"collection":[{"href":"https:\/\/www.sfm-nieder-olm.de\/index.php?rest_route=\/wp\/v2\/pages"}],"about":[{"href":"https:\/\/www.sfm-nieder-olm.de\/index.php?rest_route=\/wp\/v2\/types\/page"}],"author":[{"embeddable":true,"href":"https:\/\/www.sfm-nieder-olm.de\/index.php?rest_route=\/wp\/v2\/users\/2"}],"replies":[{"embeddable":true,"href":"https:\/\/www.sfm-nieder-olm.de\/index.php?rest_route=%2Fwp%2Fv2%2Fcomments&post=1697"}],"version-history":[{"count":1,"href":"https:\/\/www.sfm-nieder-olm.de\/index.php?rest_route=\/wp\/v2\/pages\/1697\/revisions"}],"predecessor-version":[{"id":1698,"href":"https:\/\/www.sfm-nieder-olm.de\/index.php?rest_route=\/wp\/v2\/pages\/1697\/revisions\/1698"}],"up":[{"embeddable":true,"href":"https:\/\/www.sfm-nieder-olm.de\/index.php?rest_route=\/wp\/v2\/pages\/1683"}],"wp:attachment":[{"href":"https:\/\/www.sfm-nieder-olm.de\/index.php?rest_route=%2Fwp%2Fv2%2Fmedia&parent=1697"}],"curies":[{"name":"wp","href":"https:\/\/api.w.org\/{rel}","templated":true}]}}