{"id":1708,"date":"2026-01-24T19:10:26","date_gmt":"2026-01-24T18:10:26","guid":{"rendered":"https:\/\/www.sfm-nieder-olm.de\/?page_id=1708"},"modified":"2026-01-24T19:10:26","modified_gmt":"2026-01-24T18:10:26","slug":"schulleben-und-eltern-abc","status":"publish","type":"page","link":"https:\/\/www.sfm-nieder-olm.de\/?page_id=1708","title":{"rendered":"Schulleben und Eltern ABC"},"content":{"rendered":"\n<p>Unsere Schule ist Lebens- und Lernraum. Die Schulgemeinschaft wird gepr\u00e4gt von Vertrauen, Respekt, Offenheit und Akzeptanz. Mittelpunkt sind die Sch\u00fcler, die durch individuelle Hilfen eine Erweiterung ihrer Ausdrucks-, Bewegungs-, Kommunikations- und Erfahrungsm\u00f6glichkeiten erreichen, um so selbstst\u00e4ndig wie m\u00f6glich leben zu k\u00f6nnen.<br>\u201eGuter Unterricht&#8220; ist nur in einer \u201eguten Schule&#8220; m\u00f6glich. Deshalb hat das Schulklima einen hohen Stellenwert. Ein gutes Schulklima wird in unserer Schule durch klassen\u00fcbergreifende Lern- und F\u00f6rderangebote, Feste und Feiern in der Schulgemeinschaft, gemeinsame Sport &#8211; und Spielangebote in den Pausen, gegenseitige R\u00fccksichtnahme und Hilfe gepr\u00e4gt.<br>Eltern sind Experten, die mit Sch\u00fclerInnen, Kollegium und Angestellten des Schultr\u00e4gers die Schulgemeinschaft bilden. Sie werden in die vielf\u00e4ltigen Arbeitsbereiche der Schule eingebunden und nehmen aktiv am Schulleben teil.<\/p>\n","protected":false},"excerpt":{"rendered":"<p>Unsere Schule ist Lebens- und Lernraum. Die Schulgemeinschaft wird gepr\u00e4gt von Vertrauen, Respekt, Offenheit und Akzeptanz. Mittelpunkt sind die Sch\u00fcler, die durch individuelle Hilfen eine Erweiterung ihrer Ausdrucks-, Bewegungs-, Kommunikations- &#8230;<\/p>\n","protected":false},"author":2,"featured_media":0,"parent":0,"menu_order":0,"comment_status":"closed","ping_status":"closed","template":"template-fullwidth.php","meta":{"footnotes":""},"class_list":["post-1708","page","type-page","status-publish","hentry"],"_links":{"self":[{"href":"https:\/\/www.sfm-nieder-olm.de\/index.php?rest_route=\/wp\/v2\/pages\/1708","targetHints":{"allow":["GET"]}}],"collection":[{"href":"https:\/\/www.sfm-nieder-olm.de\/index.php?rest_route=\/wp\/v2\/pages"}],"about":[{"href":"https:\/\/www.sfm-nieder-olm.de\/index.php?rest_route=\/wp\/v2\/types\/page"}],"author":[{"embeddable":true,"href":"https:\/\/www.sfm-nieder-olm.de\/index.php?rest_route=\/wp\/v2\/users\/2"}],"replies":[{"embeddable":true,"href":"https:\/\/www.sfm-nieder-olm.de\/index.php?rest_route=%2Fwp%2Fv2%2Fcomments&post=1708"}],"version-history":[{"count":1,"href":"https:\/\/www.sfm-nieder-olm.de\/index.php?rest_route=\/wp\/v2\/pages\/1708\/revisions"}],"predecessor-version":[{"id":1709,"href":"https:\/\/www.sfm-nieder-olm.de\/index.php?rest_route=\/wp\/v2\/pages\/1708\/revisions\/1709"}],"wp:attachment":[{"href":"https:\/\/www.sfm-nieder-olm.de\/index.php?rest_route=%2Fwp%2Fv2%2Fmedia&parent=1708"}],"curies":[{"name":"wp","href":"https:\/\/api.w.org\/{rel}","templated":true}]}}